{"id":1093,"date":"2022-03-05T00:14:08","date_gmt":"2022-03-04T23:14:08","guid":{"rendered":"http:\/\/epilepsies-aege.fr\/?page_id=1093"},"modified":"2025-02-18T11:02:41","modified_gmt":"2025-02-18T10:02:41","slug":"nos-partenaires","status":"publish","type":"page","link":"https:\/\/epilepsies-aege.fr\/index.php\/nos-partenaires\/","title":{"rendered":"Nos partenaires"},"content":{"rendered":"\n<p class=\"has-black-color has-text-color has-link-color has-small-font-size wp-elements-1b8f2fb536d9072752e721acbddf2cbf\">EFAPPE: <strong>f\u00e9d\u00e9ration nationale d\u2019associations en faveur des Personnes handicap\u00e9es par une \u00e9pilepsie s\u00e9v\u00e8re<\/strong>\u00a0(pharmaco-r\u00e9sistante). Elle rassemble 18 associations pour une meilleure prise en charge globale des personnes handicap\u00e9es par des \u00e9pilepsies s\u00e9v\u00e8res.<\/p>\n\n\n\n<figure class=\"wp-block-image size-large is-resized\"><img loading=\"lazy\" decoding=\"async\" width=\"1024\" height=\"586\" src=\"https:\/\/epilepsies-aege.fr\/wp-content\/uploads\/2025\/02\/LOGO-EFAPPE-1024x586.jpg\" alt=\"\" class=\"wp-image-1539\" style=\"width:118px;height:auto\" srcset=\"https:\/\/epilepsies-aege.fr\/wp-content\/uploads\/2025\/02\/LOGO-EFAPPE-980x561.jpg 980w, https:\/\/epilepsies-aege.fr\/wp-content\/uploads\/2025\/02\/LOGO-EFAPPE-480x275.jpg 480w\" sizes=\"auto, (min-width: 0px) and (max-width: 480px) 480px, (min-width: 481px) and (max-width: 980px) 980px, (min-width: 981px) 1024px, 100vw\" \/><\/figure>\n\n\n\n<p><a href=\"https:\/\/www.efappe.epilepsies.fr\/\">F\u00e9d\u00e9ration des Associations de personnes handicap\u00e9es par des \u00e9pilepsies s\u00e9v\u00e8res \u2013 Union d&rsquo;associations d&rsquo;usagers du syst\u00e8me de Sant\u00e9<\/a><\/p>\n\n\n\n<!-- divi:paragraph -->\n<p> Page en cours de construction <\/p>\n<!-- \/divi:paragraph -->\n","protected":false},"excerpt":{"rendered":"<p>EFAPPE: f\u00e9d\u00e9ration nationale d\u2019associations en faveur des Personnes handicap\u00e9es par une \u00e9pilepsie s\u00e9v\u00e8re\u00a0(pharmaco-r\u00e9sistante). Elle rassemble 18 associations pour une meilleure prise en charge globale des personnes handicap\u00e9es par des \u00e9pilepsies s\u00e9v\u00e8res. F\u00e9d\u00e9ration des Associations de personnes handicap\u00e9es par des \u00e9pilepsies s\u00e9v\u00e8res \u2013 Union d&rsquo;associations d&rsquo;usagers du syst\u00e8me de Sant\u00e9 Page en cours de construction<\/p>\n","protected":false},"author":1,"featured_media":0,"parent":0,"menu_order":0,"comment_status":"closed","ping_status":"closed","template":"","meta":{"_et_pb_use_builder":"on","_et_pb_old_content":"","_et_gb_content_width":"","footnotes":""},"class_list":["post-1093","page","type-page","status-publish","hentry"],"_links":{"self":[{"href":"https:\/\/epilepsies-aege.fr\/index.php\/wp-json\/wp\/v2\/pages\/1093","targetHints":{"allow":["GET"]}}],"collection":[{"href":"https:\/\/epilepsies-aege.fr\/index.php\/wp-json\/wp\/v2\/pages"}],"about":[{"href":"https:\/\/epilepsies-aege.fr\/index.php\/wp-json\/wp\/v2\/types\/page"}],"author":[{"embeddable":true,"href":"https:\/\/epilepsies-aege.fr\/index.php\/wp-json\/wp\/v2\/users\/1"}],"replies":[{"embeddable":true,"href":"https:\/\/epilepsies-aege.fr\/index.php\/wp-json\/wp\/v2\/comments?post=1093"}],"version-history":[{"count":3,"href":"https:\/\/epilepsies-aege.fr\/index.php\/wp-json\/wp\/v2\/pages\/1093\/revisions"}],"predecessor-version":[{"id":1540,"href":"https:\/\/epilepsies-aege.fr\/index.php\/wp-json\/wp\/v2\/pages\/1093\/revisions\/1540"}],"wp:attachment":[{"href":"https:\/\/epilepsies-aege.fr\/index.php\/wp-json\/wp\/v2\/media?parent=1093"}],"curies":[{"name":"wp","href":"https:\/\/api.w.org\/{rel}","templated":true}]}}